{"id":14250,"date":"2021-11-04T17:15:28","date_gmt":"2021-11-04T16:15:28","guid":{"rendered":"https:\/\/www.rajapack.be\/blog-be\/?page_id=14250"},"modified":"2023-06-19T07:33:23","modified_gmt":"2023-06-19T06:33:23","slug":"guide-cerclage-telechargement","status":"publish","type":"page","link":"https:\/\/www.rajapack.be\/blog-be\/guide-cerclage-telechargement","title":{"rendered":"Guide de choix de cerclage [T\u00e9l\u00e9charger PDF]"},"content":{"rendered":"<h2 style=\"text-align: center;\">Merci d\u2019avoir t\u00e9l\u00e9charg\u00e9 notre guide<\/h2>\n<p style=\"text-align: center;\">Le t\u00e9l\u00e9chargement de votre guide se fait <strong>automatiquement<\/strong>.<br \/>\nAu cas o\u00f9 le t\u00e9l\u00e9chargement ne fonctionnerait pas, veuillez cliquer sur le bouton ci-dessous.<\/p>\n<div class=\"text-center\"><a class=\"button-primary-auto-environment is-uppercase\" style=\"background: #147ee8; color: #ffffff;\" title=\"T\u00e9l\u00e9charger\" href=\"https:\/\/www.rajapack.be\/blog-be\/download\/14229\/\">T\u00e9l\u00e9charger ici le guide de choix<\/a><\/div>\n","protected":false},"excerpt":{"rendered":"<p>Merci d\u2019avoir t\u00e9l\u00e9charg\u00e9 notre guide Le t\u00e9l\u00e9chargement de votre guide se fait automatiquement. Au cas o\u00f9 le t\u00e9l\u00e9chargement ne fonctionnerait pas, veuillez cliquer sur le bouton ci-dessous. T\u00e9l\u00e9charger ici le [&#8230;]<\/p>\n","protected":false},"author":64,"featured_media":20008,"parent":0,"menu_order":0,"comment_status":"closed","ping_status":"closed","template":"ebook.php","meta":{"_acf_changed":false,"footnotes":""},"class_list":["post-14250","page","type-page","status-publish","has-post-thumbnail","hentry"],"acf":[],"yoast_head":"<!-- This site is optimized with the Yoast SEO plugin v23.0 - https:\/\/yoast.com\/wordpress\/plugins\/seo\/ -->\n<title>Feuillards de cerclage : t\u00e9l\u00e9charger le guide | RAJAPACK Blog<\/title>\n<meta name=\"description\" content=\"T\u00e9l\u00e9chargez ici gratuitement le guide de choix le plus complet sur les feuillards de cerclage. RAJAPACK, le sp\u00e9cialiste de l&#039;emballage.\" \/>\n<meta name=\"robots\" content=\"noindex, nofollow\" \/>\n<meta property=\"og:locale\" content=\"nl_BE\" \/>\n<meta property=\"og:type\" content=\"article\" \/>\n<meta property=\"og:title\" content=\"Feuillards de cerclage : t\u00e9l\u00e9charger le guide | RAJAPACK Blog\" \/>\n<meta property=\"og:description\" content=\"T\u00e9l\u00e9chargez ici gratuitement le guide de choix le plus complet sur les feuillards de cerclage. RAJAPACK, le sp\u00e9cialiste de l&#039;emballage.\" \/>\n<meta property=\"og:url\" content=\"https:\/\/www.rajapack.be\/blog-be\/guide-cerclage-telechargement\" \/>\n<meta property=\"og:site_name\" content=\"RAJA Blog\" \/>\n<meta property=\"article:publisher\" content=\"https:\/\/www.facebook.com\/rajapackbenelux\" \/>\n<meta property=\"article:modified_time\" content=\"2023-06-19T06:33:23+00:00\" \/>\n<meta property=\"og:image\" content=\"https:\/\/www.rajapack.be\/blog-be\/wp-content\/uploads\/2021\/11\/Cheatsheet-feuillards-de-cerclage-RAJA.jpg\" \/>\n\t<meta property=\"og:image:width\" content=\"1022\" \/>\n\t<meta property=\"og:image:height\" content=\"614\" \/>\n\t<meta property=\"og:image:type\" content=\"image\/jpeg\" \/>\n<meta name=\"twitter:card\" content=\"summary_large_image\" \/>\n<meta name=\"twitter:site\" content=\"@RajaBelgium\" \/>\n<meta name=\"twitter:label1\" content=\"Geschatte leestijd\" \/>\n\t<meta name=\"twitter:data1\" content=\"1 minuut\" \/>\n<script type=\"application\/ld+json\" class=\"yoast-schema-graph\">{\n\t    \"@context\": \"https:\/\/schema.org\",\n\t    \"@graph\": [\n\t        {\n\t            \"@type\": \"WebPage\",\n\t            \"@id\": \"https:\/\/www.rajapack.be\/blog-be\/guide-cerclage-telechargement\",\n\t            \"url\": \"https:\/\/www.rajapack.be\/blog-be\/guide-cerclage-telechargement\",\n\t            \"name\": \"Feuillards de cerclage : t\u00e9l\u00e9charger le guide | RAJAPACK Blog\",\n\t            \"isPartOf\": {\n\t                \"@id\": \"https:\/\/www.rajapack.be\/blog-be\/#website\"\n\t            },\n\t            \"primaryImageOfPage\": {\n\t                \"@id\": \"https:\/\/www.rajapack.be\/blog-be\/guide-cerclage-telechargement#primaryimage\"\n\t            },\n\t            \"image\": {\n\t                \"@id\": \"https:\/\/www.rajapack.be\/blog-be\/guide-cerclage-telechargement#primaryimage\"\n\t            },\n\t            \"thumbnailUrl\": \"https:\/\/www.rajapack.be\/blog-be\/wp-content\/uploads\/2021\/11\/Cheatsheet-feuillards-de-cerclage-RAJA.jpg\",\n\t            \"datePublished\": \"2021-11-04T16:15:28+00:00\",\n\t            \"dateModified\": \"2023-06-19T06:33:23+00:00\",\n\t            \"description\": \"T\u00e9l\u00e9chargez ici gratuitement le guide de choix le plus complet sur les feuillards de cerclage. RAJAPACK, le sp\u00e9cialiste de l'emballage.\",\n\t            \"inLanguage\": \"nl-BE\",\n\t            \"potentialAction\": [\n\t                {\n\t                    \"@type\": \"ReadAction\",\n\t                    \"target\": [\n\t                        \"https:\/\/www.rajapack.be\/blog-be\/guide-cerclage-telechargement\"\n\t                    ]\n\t                }\n\t            ]\n\t        },\n\t        {\n\t            \"@type\": \"ImageObject\",\n\t            \"inLanguage\": \"nl-BE\",\n\t            \"@id\": \"https:\/\/www.rajapack.be\/blog-be\/guide-cerclage-telechargement#primaryimage\",\n\t            \"url\": \"https:\/\/www.rajapack.be\/blog-be\/wp-content\/uploads\/2021\/11\/Cheatsheet-feuillards-de-cerclage-RAJA.jpg\",\n\t            \"contentUrl\": \"https:\/\/www.rajapack.be\/blog-be\/wp-content\/uploads\/2021\/11\/Cheatsheet-feuillards-de-cerclage-RAJA.jpg\",\n\t            \"width\": 1022,\n\t            \"height\": 614,\n\t            \"caption\": \"Guide de choix de feuillards de cerclage\"\n\t        },\n\t        {\n\t            \"@type\": \"WebSite\",\n\t            \"@id\": \"https:\/\/www.rajapack.be\/blog-be\/#website\",\n\t            \"url\": \"https:\/\/www.rajapack.be\/blog-be\/\",\n\t            \"name\": \"RAJA Blog\",\n\t            \"description\": \"Alles over verpakkingen, logistiek en meer\",\n\t            \"publisher\": {\n\t                \"@id\": \"https:\/\/www.rajapack.be\/blog-be\/#organization\"\n\t            },\n\t            \"potentialAction\": [\n\t                {\n\t                    \"@type\": \"SearchAction\",\n\t                    \"target\": {\n\t                        \"@type\": \"EntryPoint\",\n\t                        \"urlTemplate\": \"https:\/\/www.rajapack.be\/blog-be\/?s={search_term_string}\"\n\t                    },\n\t                    \"query-input\": \"required name=search_term_string\"\n\t                }\n\t            ],\n\t            \"inLanguage\": \"nl-BE\"\n\t        },\n\t        {\n\t            \"@type\": \"Organization\",\n\t            \"@id\": \"https:\/\/www.rajapack.be\/blog-be\/#organization\",\n\t            \"name\": \"RAJA Benelux\",\n\t            \"url\": \"https:\/\/www.rajapack.be\/blog-be\/\",\n\t            \"logo\": {\n\t                \"@type\": \"ImageObject\",\n\t                \"inLanguage\": \"nl-BE\",\n\t                \"@id\": \"https:\/\/www.rajapack.be\/blog-be\/#\/schema\/logo\/image\/\",\n\t                \"url\": \"https:\/\/www.rajapack.be\/blog-be\/wp-content\/uploads\/2022\/09\/RAJA-logo-social.png\",\n\t                \"contentUrl\": \"https:\/\/www.rajapack.be\/blog-be\/wp-content\/uploads\/2022\/09\/RAJA-logo-social.png\",\n\t                \"width\": 497,\n\t                \"height\": 491,\n\t                \"caption\": \"RAJA Benelux\"\n\t            },\n\t            \"image\": {\n\t                \"@id\": \"https:\/\/www.rajapack.be\/blog-be\/#\/schema\/logo\/image\/\"\n\t            },\n\t            \"sameAs\": [\n\t                \"https:\/\/www.facebook.com\/rajapackbenelux\",\n\t                \"https:\/\/x.com\/RajaBelgium\"\n\t            ]\n\t        }\n\t    ]\n\t}<\/script>\n<!-- \/ Yoast SEO plugin. -->","yoast_head_json":{"title":"Feuillards de cerclage : t\u00e9l\u00e9charger le guide | RAJAPACK Blog","description":"T\u00e9l\u00e9chargez ici gratuitement le guide de choix le plus complet sur les feuillards de cerclage. RAJAPACK, le sp\u00e9cialiste de l'emballage.","robots":{"index":"noindex","follow":"nofollow"},"og_locale":"nl_BE","og_type":"article","og_title":"Feuillards de cerclage : t\u00e9l\u00e9charger le guide | RAJAPACK Blog","og_description":"T\u00e9l\u00e9chargez ici gratuitement le guide de choix le plus complet sur les feuillards de cerclage. RAJAPACK, le sp\u00e9cialiste de l'emballage.","og_url":"https:\/\/www.rajapack.be\/blog-be\/guide-cerclage-telechargement","og_site_name":"RAJA Blog","article_publisher":"https:\/\/www.facebook.com\/rajapackbenelux","article_modified_time":"2023-06-19T06:33:23+00:00","og_image":[{"width":1022,"height":614,"url":"https:\/\/www.rajapack.be\/blog-be\/wp-content\/uploads\/2021\/11\/Cheatsheet-feuillards-de-cerclage-RAJA.jpg","type":"image\/jpeg"}],"twitter_card":"summary_large_image","twitter_site":"@RajaBelgium","twitter_misc":{"Geschatte leestijd":"1 minuut"},"schema":{"@context":"https:\/\/schema.org","@graph":[{"@type":"WebPage","@id":"https:\/\/www.rajapack.be\/blog-be\/guide-cerclage-telechargement","url":"https:\/\/www.rajapack.be\/blog-be\/guide-cerclage-telechargement","name":"Feuillards de cerclage : t\u00e9l\u00e9charger le guide | RAJAPACK Blog","isPartOf":{"@id":"https:\/\/www.rajapack.be\/blog-be\/#website"},"primaryImageOfPage":{"@id":"https:\/\/www.rajapack.be\/blog-be\/guide-cerclage-telechargement#primaryimage"},"image":{"@id":"https:\/\/www.rajapack.be\/blog-be\/guide-cerclage-telechargement#primaryimage"},"thumbnailUrl":"https:\/\/www.rajapack.be\/blog-be\/wp-content\/uploads\/2021\/11\/Cheatsheet-feuillards-de-cerclage-RAJA.jpg","datePublished":"2021-11-04T16:15:28+00:00","dateModified":"2023-06-19T06:33:23+00:00","description":"T\u00e9l\u00e9chargez ici gratuitement le guide de choix le plus complet sur les feuillards de cerclage. RAJAPACK, le sp\u00e9cialiste de l'emballage.","inLanguage":"nl-BE","potentialAction":[{"@type":"ReadAction","target":["https:\/\/www.rajapack.be\/blog-be\/guide-cerclage-telechargement"]}]},{"@type":"ImageObject","inLanguage":"nl-BE","@id":"https:\/\/www.rajapack.be\/blog-be\/guide-cerclage-telechargement#primaryimage","url":"https:\/\/www.rajapack.be\/blog-be\/wp-content\/uploads\/2021\/11\/Cheatsheet-feuillards-de-cerclage-RAJA.jpg","contentUrl":"https:\/\/www.rajapack.be\/blog-be\/wp-content\/uploads\/2021\/11\/Cheatsheet-feuillards-de-cerclage-RAJA.jpg","width":1022,"height":614,"caption":"Guide de choix de feuillards de cerclage"},{"@type":"WebSite","@id":"https:\/\/www.rajapack.be\/blog-be\/#website","url":"https:\/\/www.rajapack.be\/blog-be\/","name":"RAJA Blog","description":"Alles over verpakkingen, logistiek en meer","publisher":{"@id":"https:\/\/www.rajapack.be\/blog-be\/#organization"},"potentialAction":[{"@type":"SearchAction","target":{"@type":"EntryPoint","urlTemplate":"https:\/\/www.rajapack.be\/blog-be\/?s={search_term_string}"},"query-input":"required name=search_term_string"}],"inLanguage":"nl-BE"},{"@type":"Organization","@id":"https:\/\/www.rajapack.be\/blog-be\/#organization","name":"RAJA Benelux","url":"https:\/\/www.rajapack.be\/blog-be\/","logo":{"@type":"ImageObject","inLanguage":"nl-BE","@id":"https:\/\/www.rajapack.be\/blog-be\/#\/schema\/logo\/image\/","url":"https:\/\/www.rajapack.be\/blog-be\/wp-content\/uploads\/2022\/09\/RAJA-logo-social.png","contentUrl":"https:\/\/www.rajapack.be\/blog-be\/wp-content\/uploads\/2022\/09\/RAJA-logo-social.png","width":497,"height":491,"caption":"RAJA Benelux"},"image":{"@id":"https:\/\/www.rajapack.be\/blog-be\/#\/schema\/logo\/image\/"},"sameAs":["https:\/\/www.facebook.com\/rajapackbenelux","https:\/\/x.com\/RajaBelgium"]}]}},"_links":{"self":[{"href":"https:\/\/www.rajapack.be\/blog-be\/wp-json\/wp\/v2\/pages\/14250"}],"collection":[{"href":"https:\/\/www.rajapack.be\/blog-be\/wp-json\/wp\/v2\/pages"}],"about":[{"href":"https:\/\/www.rajapack.be\/blog-be\/wp-json\/wp\/v2\/types\/page"}],"author":[{"embeddable":true,"href":"https:\/\/www.rajapack.be\/blog-be\/wp-json\/wp\/v2\/users\/64"}],"replies":[{"embeddable":true,"href":"https:\/\/www.rajapack.be\/blog-be\/wp-json\/wp\/v2\/comments?post=14250"}],"version-history":[{"count":1,"href":"https:\/\/www.rajapack.be\/blog-be\/wp-json\/wp\/v2\/pages\/14250\/revisions"}],"predecessor-version":[{"id":21081,"href":"https:\/\/www.rajapack.be\/blog-be\/wp-json\/wp\/v2\/pages\/14250\/revisions\/21081"}],"wp:featuredmedia":[{"embeddable":true,"href":"https:\/\/www.rajapack.be\/blog-be\/wp-json\/wp\/v2\/media\/20008"}],"wp:attachment":[{"href":"https:\/\/www.rajapack.be\/blog-be\/wp-json\/wp\/v2\/media?parent=14250"}],"curies":[{"name":"wp","href":"https:\/\/api.w.org\/{rel}","templated":true}]}}